{"id":245,"date":"2025-01-21T18:15:28","date_gmt":"2025-01-21T18:15:28","guid":{"rendered":"https:\/\/renov-toiture-indre-loire.fr\/?page_id=245"},"modified":"2025-02-01T07:47:26","modified_gmt":"2025-02-01T07:47:26","slug":"services","status":"publish","type":"page","link":"https:\/\/renov-toiture-indre-loire.fr\/?page_id=245","title":{"rendered":"Services"},"content":{"rendered":"\t\t<div data-elementor-type=\"wp-page\" data-elementor-id=\"245\" class=\"elementor elementor-245\" data-elementor-settings=\"{&quot;ha_cmc_init_switcher&quot;:&quot;no&quot;}\" data-elementor-post-type=\"page\">\n\t\t\t\t<div class=\"elementor-element elementor-element-713eea14 e-flex e-con-boxed e-con e-parent\" data-id=\"713eea14\" data-element_type=\"container\" data-e-type=\"container\" data-settings=\"{&quot;_ha_eqh_enable&quot;:false}\">\n\t\t\t\t\t<div class=\"e-con-inner\">\n\t\t<div class=\"elementor-element elementor-element-1de5712a e-con-full e-flex elementor-invisible e-con e-child\" data-id=\"1de5712a\" data-element_type=\"container\" data-e-type=\"container\" data-settings=\"{&quot;background_background&quot;:&quot;classic&quot;,&quot;animation&quot;:&quot;zoomIn&quot;,&quot;_ha_eqh_enable&quot;:false}\">\n\t\t\t\t<div class=\"elementor-element elementor-element-3d1ba15 elementor-widget elementor-widget-heading\" data-id=\"3d1ba15\" data-element_type=\"widget\" data-e-type=\"widget\" data-widget_type=\"heading.default\">\n\t\t\t\t<div class=\"elementor-widget-container\">\n\t\t\t\t\t<h2 class=\"elementor-heading-title elementor-size-default\">Nos Services Principaux\n<\/h2>\t\t\t\t<\/div>\n\t\t\t\t<\/div>\n\t\t\t\t<\/div>\n\t\t\t\t\t<\/div>\n\t\t\t\t<\/div>\n\t\t<div class=\"elementor-element elementor-element-12513db2 e-flex e-con-boxed e-con e-parent\" data-id=\"12513db2\" data-element_type=\"container\" data-e-type=\"container\" data-settings=\"{&quot;_ha_eqh_enable&quot;:false}\">\n\t\t\t\t\t<div class=\"e-con-inner\">\n\t\t<div class=\"elementor-element elementor-element-3693ddbf e-con-full e-flex e-con e-child\" data-id=\"3693ddbf\" data-element_type=\"container\" data-e-type=\"container\" data-settings=\"{&quot;_ha_eqh_enable&quot;:false}\">\n\t\t\t\t<div class=\"elementor-element elementor-element-25de2b5a elementor-widget elementor-widget-image\" data-id=\"25de2b5a\" data-element_type=\"widget\" data-e-type=\"widget\" data-widget_type=\"image.default\">\n\t\t\t\t<div class=\"elementor-widget-container\">\n\t\t\t\t\t\t\t\t\t\t\t\t\t\t\t<img fetchpriority=\"high\" decoding=\"async\" width=\"443\" height=\"578\" src=\"https:\/\/renov-toiture-indre-loire.fr\/wp-content\/uploads\/2025\/01\/roofing-service.jpg\" class=\"attachment-full size-full wp-image-259\" alt=\"\" srcset=\"https:\/\/renov-toiture-indre-loire.fr\/wp-content\/uploads\/2025\/01\/roofing-service.jpg 443w, https:\/\/renov-toiture-indre-loire.fr\/wp-content\/uploads\/2025\/01\/roofing-service-230x300.jpg 230w\" sizes=\"(max-width: 443px) 100vw, 443px\" \/>\t\t\t\t\t\t\t\t\t\t\t\t\t\t\t<\/div>\n\t\t\t\t<\/div>\n\t\t\t\t<div class=\"elementor-element elementor-element-56724498 elementor-widget elementor-widget-image\" data-id=\"56724498\" data-element_type=\"widget\" data-e-type=\"widget\" data-widget_type=\"image.default\">\n\t\t\t\t<div class=\"elementor-widget-container\">\n\t\t\t\t\t\t\t\t\t\t\t\t\t\t\t<img decoding=\"async\" width=\"331\" height=\"490\" src=\"https:\/\/renov-toiture-indre-loire.fr\/wp-content\/uploads\/2025\/01\/roofing-service-1.jpg\" class=\"attachment-full size-full wp-image-260\" alt=\"\" srcset=\"https:\/\/renov-toiture-indre-loire.fr\/wp-content\/uploads\/2025\/01\/roofing-service-1.jpg 331w, https:\/\/renov-toiture-indre-loire.fr\/wp-content\/uploads\/2025\/01\/roofing-service-1-203x300.jpg 203w\" sizes=\"(max-width: 331px) 100vw, 331px\" \/>\t\t\t\t\t\t\t\t\t\t\t\t\t\t\t<\/div>\n\t\t\t\t<\/div>\n\t\t\t\t<\/div>\n\t\t<div class=\"elementor-element elementor-element-7fa2b9b e-con-full e-flex e-con e-child\" data-id=\"7fa2b9b\" data-element_type=\"container\" data-e-type=\"container\" data-settings=\"{&quot;_ha_eqh_enable&quot;:false}\">\n\t\t\t\t<div class=\"elementor-element elementor-element-2d38dd41 elementor-widget elementor-widget-heading\" data-id=\"2d38dd41\" data-element_type=\"widget\" data-e-type=\"widget\" data-widget_type=\"heading.default\">\n\t\t\t\t<div class=\"elementor-widget-container\">\n\t\t\t\t\t<h2 class=\"elementor-heading-title elementor-size-default\">Installation de Toitures<\/h2>\t\t\t\t<\/div>\n\t\t\t\t<\/div>\n\t\t\t\t<div class=\"elementor-element elementor-element-3877088e elementor-widget elementor-widget-text-editor\" data-id=\"3877088e\" data-element_type=\"widget\" data-e-type=\"widget\" data-widget_type=\"text-editor.default\">\n\t\t\t\t<div class=\"elementor-widget-container\">\n\t\t\t\t\t\t\t\t\tQue ce soit pour une nouvelle construction ou une r\u00e9novation compl\u00e8te, nous installons des toitures de haute qualit\u00e9 adapt\u00e9es \u00e0 vos besoins. Nous travaillons avec divers mat\u00e9riaux (tuiles, ardoises, zinc, etc.) pour garantir une finition esth\u00e9tique et durable.\t\t\t\t\t\t\t\t<\/div>\n\t\t\t\t<\/div>\n\t\t\t\t<\/div>\n\t\t\t\t\t<\/div>\n\t\t\t\t<\/div>\n\t\t<div class=\"elementor-element elementor-element-530e80c9 e-flex e-con-boxed e-con e-parent\" data-id=\"530e80c9\" data-element_type=\"container\" data-e-type=\"container\" data-settings=\"{&quot;_ha_eqh_enable&quot;:false}\">\n\t\t\t\t\t<div class=\"e-con-inner\">\n\t\t<div class=\"elementor-element elementor-element-34918bec e-con-full e-flex e-con e-child\" data-id=\"34918bec\" data-element_type=\"container\" data-e-type=\"container\" data-settings=\"{&quot;_ha_eqh_enable&quot;:false}\">\n\t\t\t\t<div class=\"elementor-element elementor-element-4c94e7bc elementor-widget elementor-widget-heading\" data-id=\"4c94e7bc\" data-element_type=\"widget\" data-e-type=\"widget\" data-widget_type=\"heading.default\">\n\t\t\t\t<div class=\"elementor-widget-container\">\n\t\t\t\t\t<h2 class=\"elementor-heading-title elementor-size-default\">R\u00e9parations de Toitures<\/h2>\t\t\t\t<\/div>\n\t\t\t\t<\/div>\n\t\t\t\t<div class=\"elementor-element elementor-element-23a869bd elementor-widget elementor-widget-text-editor\" data-id=\"23a869bd\" data-element_type=\"widget\" data-e-type=\"widget\" data-widget_type=\"text-editor.default\">\n\t\t\t\t<div class=\"elementor-widget-container\">\n\t\t\t\t\t\t\t\t\t<p>Fuites, tuiles cass\u00e9es ou probl\u00e8mes d\u2019\u00e9tanch\u00e9it\u00e9 ? Nos experts interviennent rapidement pour r\u00e9parer votre toiture, prolongeant ainsi sa dur\u00e9e de vie et pr\u00e9servant votre confort.<\/p>\t\t\t\t\t\t\t\t<\/div>\n\t\t\t\t<\/div>\n\t\t\t\t<\/div>\n\t\t<div class=\"elementor-element elementor-element-ab6b41d e-con-full e-flex e-con e-child\" data-id=\"ab6b41d\" data-element_type=\"container\" data-e-type=\"container\" data-settings=\"{&quot;_ha_eqh_enable&quot;:false}\">\n\t\t\t\t<div class=\"elementor-element elementor-element-11192264 elementor-widget elementor-widget-image\" data-id=\"11192264\" data-element_type=\"widget\" data-e-type=\"widget\" data-widget_type=\"image.default\">\n\t\t\t\t<div class=\"elementor-widget-container\">\n\t\t\t\t\t\t\t\t\t\t\t\t\t\t\t<img decoding=\"async\" width=\"443\" height=\"578\" src=\"https:\/\/renov-toiture-indre-loire.fr\/wp-content\/uploads\/2025\/01\/roofing-services-3.jpg\" class=\"attachment-full size-full wp-image-270\" alt=\"\" srcset=\"https:\/\/renov-toiture-indre-loire.fr\/wp-content\/uploads\/2025\/01\/roofing-services-3.jpg 443w, https:\/\/renov-toiture-indre-loire.fr\/wp-content\/uploads\/2025\/01\/roofing-services-3-230x300.jpg 230w\" sizes=\"(max-width: 443px) 100vw, 443px\" \/>\t\t\t\t\t\t\t\t\t\t\t\t\t\t\t<\/div>\n\t\t\t\t<\/div>\n\t\t\t\t<div class=\"elementor-element elementor-element-1c21d0fc elementor-widget elementor-widget-image\" data-id=\"1c21d0fc\" data-element_type=\"widget\" data-e-type=\"widget\" data-widget_type=\"image.default\">\n\t\t\t\t<div class=\"elementor-widget-container\">\n\t\t\t\t\t\t\t\t\t\t\t\t\t\t\t<img loading=\"lazy\" decoding=\"async\" width=\"331\" height=\"490\" src=\"https:\/\/renov-toiture-indre-loire.fr\/wp-content\/uploads\/2025\/01\/roofing-services-7.jpg\" class=\"attachment-full size-full wp-image-271\" alt=\"\" srcset=\"https:\/\/renov-toiture-indre-loire.fr\/wp-content\/uploads\/2025\/01\/roofing-services-7.jpg 331w, https:\/\/renov-toiture-indre-loire.fr\/wp-content\/uploads\/2025\/01\/roofing-services-7-203x300.jpg 203w\" sizes=\"(max-width: 331px) 100vw, 331px\" \/>\t\t\t\t\t\t\t\t\t\t\t\t\t\t\t<\/div>\n\t\t\t\t<\/div>\n\t\t\t\t<\/div>\n\t\t\t\t\t<\/div>\n\t\t\t\t<\/div>\n\t\t<div class=\"elementor-element elementor-element-393ffd3f e-flex e-con-boxed e-con e-parent\" data-id=\"393ffd3f\" data-element_type=\"container\" data-e-type=\"container\" data-settings=\"{&quot;_ha_eqh_enable&quot;:false}\">\n\t\t\t\t\t<div class=\"e-con-inner\">\n\t\t<div class=\"elementor-element elementor-element-59fbb87c e-con-full e-flex e-con e-child\" data-id=\"59fbb87c\" data-element_type=\"container\" data-e-type=\"container\" data-settings=\"{&quot;_ha_eqh_enable&quot;:false}\">\n\t\t\t\t<div class=\"elementor-element elementor-element-4e24a97a elementor-widget elementor-widget-image\" data-id=\"4e24a97a\" data-element_type=\"widget\" data-e-type=\"widget\" data-widget_type=\"image.default\">\n\t\t\t\t<div class=\"elementor-widget-container\">\n\t\t\t\t\t\t\t\t\t\t\t\t\t\t\t<img loading=\"lazy\" decoding=\"async\" width=\"443\" height=\"578\" src=\"https:\/\/renov-toiture-indre-loire.fr\/wp-content\/uploads\/2025\/01\/roofing-services-4.jpg\" class=\"attachment-full size-full wp-image-278\" alt=\"\" srcset=\"https:\/\/renov-toiture-indre-loire.fr\/wp-content\/uploads\/2025\/01\/roofing-services-4.jpg 443w, https:\/\/renov-toiture-indre-loire.fr\/wp-content\/uploads\/2025\/01\/roofing-services-4-230x300.jpg 230w\" sizes=\"(max-width: 443px) 100vw, 443px\" \/>\t\t\t\t\t\t\t\t\t\t\t\t\t\t\t<\/div>\n\t\t\t\t<\/div>\n\t\t\t\t<div class=\"elementor-element elementor-element-277cc14c elementor-widget elementor-widget-image\" data-id=\"277cc14c\" data-element_type=\"widget\" data-e-type=\"widget\" data-widget_type=\"image.default\">\n\t\t\t\t<div class=\"elementor-widget-container\">\n\t\t\t\t\t\t\t\t\t\t\t\t\t\t\t<img loading=\"lazy\" decoding=\"async\" width=\"331\" height=\"490\" src=\"https:\/\/renov-toiture-indre-loire.fr\/wp-content\/uploads\/2025\/01\/roofing-services-6.jpg\" class=\"attachment-full size-full wp-image-279\" alt=\"\" srcset=\"https:\/\/renov-toiture-indre-loire.fr\/wp-content\/uploads\/2025\/01\/roofing-services-6.jpg 331w, https:\/\/renov-toiture-indre-loire.fr\/wp-content\/uploads\/2025\/01\/roofing-services-6-203x300.jpg 203w\" sizes=\"(max-width: 331px) 100vw, 331px\" \/>\t\t\t\t\t\t\t\t\t\t\t\t\t\t\t<\/div>\n\t\t\t\t<\/div>\n\t\t\t\t<\/div>\n\t\t<div class=\"elementor-element elementor-element-24988121 e-con-full e-flex e-con e-child\" data-id=\"24988121\" data-element_type=\"container\" data-e-type=\"container\" data-settings=\"{&quot;_ha_eqh_enable&quot;:false}\">\n\t\t\t\t<div class=\"elementor-element elementor-element-5e5da281 elementor-widget elementor-widget-heading\" data-id=\"5e5da281\" data-element_type=\"widget\" data-e-type=\"widget\" data-widget_type=\"heading.default\">\n\t\t\t\t<div class=\"elementor-widget-container\">\n\t\t\t\t\t<h2 class=\"elementor-heading-title elementor-size-default\">Nettoyage et Traitements<\/h2>\t\t\t\t<\/div>\n\t\t\t\t<\/div>\n\t\t\t\t<div class=\"elementor-element elementor-element-4b4c4735 elementor-widget elementor-widget-text-editor\" data-id=\"4b4c4735\" data-element_type=\"widget\" data-e-type=\"widget\" data-widget_type=\"text-editor.default\">\n\t\t\t\t<div class=\"elementor-widget-container\">\n\t\t\t\t\t\t\t\t\t<p>Nous offrons des services de nettoyage approfondi et des traitements anti-mousse et hydrofuges pour prot\u00e9ger votre toiture contre les intemp\u00e9ries, les algues et la salet\u00e9, tout en am\u00e9liorant son apparence.<\/p>\t\t\t\t\t\t\t\t<\/div>\n\t\t\t\t<\/div>\n\t\t\t\t<\/div>\n\t\t\t\t\t<\/div>\n\t\t\t\t<\/div>\n\t\t<div class=\"elementor-element elementor-element-34e0379b e-flex e-con-boxed e-con e-parent\" data-id=\"34e0379b\" data-element_type=\"container\" data-e-type=\"container\" data-settings=\"{&quot;_ha_eqh_enable&quot;:false}\">\n\t\t\t\t\t<div class=\"e-con-inner\">\n\t\t<div class=\"elementor-element elementor-element-30ac9752 e-con-full e-flex e-con e-child\" data-id=\"30ac9752\" data-element_type=\"container\" data-e-type=\"container\" data-settings=\"{&quot;_ha_eqh_enable&quot;:false}\">\n\t\t\t\t<div class=\"elementor-element elementor-element-71085b3d elementor-widget elementor-widget-heading\" data-id=\"71085b3d\" data-element_type=\"widget\" data-e-type=\"widget\" data-widget_type=\"heading.default\">\n\t\t\t\t<div class=\"elementor-widget-container\">\n\t\t\t\t\t<h2 class=\"elementor-heading-title elementor-size-default\">ravalement de facade\n\n\n<\/h2>\t\t\t\t<\/div>\n\t\t\t\t<\/div>\n\t\t\t\t<div class=\"elementor-element elementor-element-753ecb42 elementor-widget elementor-widget-text-editor\" data-id=\"753ecb42\" data-element_type=\"widget\" data-e-type=\"widget\" data-widget_type=\"text-editor.default\">\n\t\t\t\t<div class=\"elementor-widget-container\">\n\t\t\t\t\t\t\t\t\t\nLe ravalement de fa\u00e7ade consiste \u00e0 nettoyer et restaurer les murs ext\u00e9rieurs pour am\u00e9liorer l&#8217;esth\u00e9tique et prot\u00e9ger contre les intemp\u00e9ries et les fissures.\t\t\t\t\t\t\t\t<\/div>\n\t\t\t\t<\/div>\n\t\t\t\t<\/div>\n\t\t<div class=\"elementor-element elementor-element-4026c498 e-con-full e-flex e-con e-child\" data-id=\"4026c498\" data-element_type=\"container\" data-e-type=\"container\" data-settings=\"{&quot;_ha_eqh_enable&quot;:false}\">\n\t\t\t\t<div class=\"elementor-element elementor-element-4ac01688 elementor-widget elementor-widget-image\" data-id=\"4ac01688\" data-element_type=\"widget\" data-e-type=\"widget\" data-widget_type=\"image.default\">\n\t\t\t\t<div class=\"elementor-widget-container\">\n\t\t\t\t\t\t\t\t\t\t\t\t\t\t\t<img loading=\"lazy\" decoding=\"async\" width=\"443\" height=\"578\" src=\"https:\/\/renov-toiture-indre-loire.fr\/wp-content\/uploads\/2025\/01\/roofing-services-5.jpg\" class=\"attachment-full size-full wp-image-289\" alt=\"\" srcset=\"https:\/\/renov-toiture-indre-loire.fr\/wp-content\/uploads\/2025\/01\/roofing-services-5.jpg 443w, https:\/\/renov-toiture-indre-loire.fr\/wp-content\/uploads\/2025\/01\/roofing-services-5-230x300.jpg 230w\" sizes=\"(max-width: 443px) 100vw, 443px\" \/>\t\t\t\t\t\t\t\t\t\t\t\t\t\t\t<\/div>\n\t\t\t\t<\/div>\n\t\t\t\t<div class=\"elementor-element elementor-element-795bd59 elementor-widget elementor-widget-image\" data-id=\"795bd59\" data-element_type=\"widget\" data-e-type=\"widget\" data-widget_type=\"image.default\">\n\t\t\t\t<div class=\"elementor-widget-container\">\n\t\t\t\t\t\t\t\t\t\t\t\t\t\t\t<img loading=\"lazy\" decoding=\"async\" width=\"331\" height=\"490\" src=\"https:\/\/renov-toiture-indre-loire.fr\/wp-content\/uploads\/2025\/01\/roofing-services-6.jpg\" class=\"attachment-full size-full wp-image-279\" alt=\"\" srcset=\"https:\/\/renov-toiture-indre-loire.fr\/wp-content\/uploads\/2025\/01\/roofing-services-6.jpg 331w, https:\/\/renov-toiture-indre-loire.fr\/wp-content\/uploads\/2025\/01\/roofing-services-6-203x300.jpg 203w\" sizes=\"(max-width: 331px) 100vw, 331px\" \/>\t\t\t\t\t\t\t\t\t\t\t\t\t\t\t<\/div>\n\t\t\t\t<\/div>\n\t\t\t\t<\/div>\n\t\t\t\t\t<\/div>\n\t\t\t\t<\/div>\n\t\t\t\t<\/div>\n\t\t","protected":false},"excerpt":{"rendered":"<p>Nos Services Principaux Installation de Toitures Que ce soit pour une nouvelle construction ou une r\u00e9novation compl\u00e8te, nous installons des toitures de haute qualit\u00e9 adapt\u00e9es \u00e0 vos besoins. Nous travaillons avec divers mat\u00e9riaux (tuiles, ardoises, zinc, etc.) pour garantir une finition esth\u00e9tique et durable. R\u00e9parations de Toitures Fuites, tuiles cass\u00e9es ou probl\u00e8mes d\u2019\u00e9tanch\u00e9it\u00e9 ? Nos [&hellip;]<\/p>\n","protected":false},"author":2,"featured_media":0,"parent":0,"menu_order":0,"comment_status":"closed","ping_status":"closed","template":"elementor_header_footer","meta":{"footnotes":""},"class_list":["post-245","page","type-page","status-publish","hentry"],"_links":{"self":[{"href":"https:\/\/renov-toiture-indre-loire.fr\/index.php?rest_route=\/wp\/v2\/pages\/245","targetHints":{"allow":["GET"]}}],"collection":[{"href":"https:\/\/renov-toiture-indre-loire.fr\/index.php?rest_route=\/wp\/v2\/pages"}],"about":[{"href":"https:\/\/renov-toiture-indre-loire.fr\/index.php?rest_route=\/wp\/v2\/types\/page"}],"author":[{"embeddable":true,"href":"https:\/\/renov-toiture-indre-loire.fr\/index.php?rest_route=\/wp\/v2\/users\/2"}],"replies":[{"embeddable":true,"href":"https:\/\/renov-toiture-indre-loire.fr\/index.php?rest_route=%2Fwp%2Fv2%2Fcomments&post=245"}],"version-history":[{"count":31,"href":"https:\/\/renov-toiture-indre-loire.fr\/index.php?rest_route=\/wp\/v2\/pages\/245\/revisions"}],"predecessor-version":[{"id":503,"href":"https:\/\/renov-toiture-indre-loire.fr\/index.php?rest_route=\/wp\/v2\/pages\/245\/revisions\/503"}],"wp:attachment":[{"href":"https:\/\/renov-toiture-indre-loire.fr\/index.php?rest_route=%2Fwp%2Fv2%2Fmedia&parent=245"}],"curies":[{"name":"wp","href":"https:\/\/api.w.org\/{rel}","templated":true}]}}