{"id":341,"date":"2025-01-21T18:50:41","date_gmt":"2025-01-21T18:50:41","guid":{"rendered":"https:\/\/renov-toiture-indre-loire.fr\/?page_id=341"},"modified":"2025-02-01T08:16:28","modified_gmt":"2025-02-01T08:16:28","slug":"testimonials","status":"publish","type":"page","link":"https:\/\/renov-toiture-indre-loire.fr\/?page_id=341","title":{"rendered":"Testimonials"},"content":{"rendered":"\t\t<div data-elementor-type=\"wp-page\" data-elementor-id=\"341\" class=\"elementor elementor-341\" data-elementor-settings=\"{&quot;ha_cmc_init_switcher&quot;:&quot;no&quot;}\" data-elementor-post-type=\"page\">\n\t\t\t\t<div class=\"elementor-element elementor-element-4ff4523c e-flex e-con-boxed e-con e-parent\" data-id=\"4ff4523c\" data-element_type=\"container\" data-e-type=\"container\" data-settings=\"{&quot;_ha_eqh_enable&quot;:false}\">\n\t\t\t\t\t<div class=\"e-con-inner\">\n\t\t<div class=\"elementor-element elementor-element-4a085cd6 e-con-full e-flex elementor-invisible e-con e-child\" data-id=\"4a085cd6\" data-element_type=\"container\" data-e-type=\"container\" data-settings=\"{&quot;background_background&quot;:&quot;classic&quot;,&quot;animation&quot;:&quot;zoomIn&quot;,&quot;_ha_eqh_enable&quot;:false}\">\n\t\t\t\t<div class=\"elementor-element elementor-element-b3c399f elementor-widget elementor-widget-heading\" data-id=\"b3c399f\" data-element_type=\"widget\" data-e-type=\"widget\" data-widget_type=\"heading.default\">\n\t\t\t\t<div class=\"elementor-widget-container\">\n\t\t\t\t\t<h2 class=\"elementor-heading-title elementor-size-default\">Ce que disent nos clients \n\u00c0 propos\nNos prestations<\/h2>\t\t\t\t<\/div>\n\t\t\t\t<\/div>\n\t\t\t\t<\/div>\n\t\t\t\t\t<\/div>\n\t\t\t\t<\/div>\n\t\t<div class=\"elementor-element elementor-element-6db83d7 e-flex e-con-boxed e-con e-child\" data-id=\"6db83d7\" data-element_type=\"container\" data-e-type=\"container\" data-settings=\"{&quot;_ha_eqh_enable&quot;:false}\">\n\t\t\t\t\t<div class=\"e-con-inner\">\n\t\t<div class=\"elementor-element elementor-element-ef9cd32 e-con-full e-flex e-con e-child\" data-id=\"ef9cd32\" data-element_type=\"container\" data-e-type=\"container\" data-settings=\"{&quot;_ha_eqh_enable&quot;:false}\">\n\t\t\t\t<div class=\"elementor-element elementor-element-7b3191f elementor-invisible elementor-widget elementor-widget-image\" data-id=\"7b3191f\" data-element_type=\"widget\" data-e-type=\"widget\" data-settings=\"{&quot;_animation&quot;:&quot;zoomIn&quot;}\" data-widget_type=\"image.default\">\n\t\t\t\t<div class=\"elementor-widget-container\">\n\t\t\t\t\t\t\t\t\t\t\t\t\t\t\t<img fetchpriority=\"high\" decoding=\"async\" width=\"671\" height=\"648\" src=\"https:\/\/renov-toiture-indre-loire.fr\/wp-content\/uploads\/2025\/01\/Customers.jpg\" class=\"attachment-full size-full wp-image-37\" alt=\"\" srcset=\"https:\/\/renov-toiture-indre-loire.fr\/wp-content\/uploads\/2025\/01\/Customers.jpg 671w, https:\/\/renov-toiture-indre-loire.fr\/wp-content\/uploads\/2025\/01\/Customers-300x290.jpg 300w\" sizes=\"(max-width: 671px) 100vw, 671px\" \/>\t\t\t\t\t\t\t\t\t\t\t\t\t\t\t<\/div>\n\t\t\t\t<\/div>\n\t\t\t\t<\/div>\n\t\t<div class=\"elementor-element elementor-element-78cd5f8 e-con-full e-flex e-con e-child\" data-id=\"78cd5f8\" data-element_type=\"container\" data-e-type=\"container\" data-settings=\"{&quot;_ha_eqh_enable&quot;:false}\">\n\t\t<div class=\"elementor-element elementor-element-d37899f e-con-full e-flex elementor-invisible e-con e-child\" data-id=\"d37899f\" data-element_type=\"container\" data-e-type=\"container\" data-settings=\"{&quot;animation&quot;:&quot;fadeIn&quot;,&quot;animation_delay&quot;:500,&quot;_ha_eqh_enable&quot;:false}\">\n\t\t\t\t<div class=\"elementor-element elementor-element-c571dcd elementor-widget elementor-widget-jkit_testimonials\" data-id=\"c571dcd\" data-element_type=\"widget\" data-e-type=\"widget\" data-widget_type=\"jkit_testimonials.default\">\n\t\t\t\t<div class=\"elementor-widget-container\">\n\t\t\t\t\t<div  class=\"jeg-elementor-kit jkit-testimonials arrow-bottom-middle style-2  jeg_module___69d3dcc9a694b\"  data-id=\"jeg_module___69d3dcc9a694b\" data-settings=\"{&quot;autoplay&quot;:false,&quot;autoplay_speed&quot;:3500,&quot;autoplay_hover_pause&quot;:false,&quot;show_navigation&quot;:false,&quot;navigation_left&quot;:&quot;&lt;span&gt;&lt;svg aria-hidden=\\&quot;true\\&quot; class=\\&quot;e-font-icon-svg e-fas-angle-left\\&quot; viewBox=\\&quot;0 0 256 512\\&quot; xmlns=\\&quot;http:\\\/\\\/www.w3.org\\\/2000\\\/svg\\&quot;&gt;&lt;path d=\\&quot;M31.7 239l136-136c9.4-9.4 24.6-9.4 33.9 0l22.6 22.6c9.4 9.4 9.4 24.6 0 33.9L127.9 256l96.4 96.4c9.4 9.4 9.4 24.6 0 33.9L201.7 409c-9.4 9.4-24.6 9.4-33.9 0l-136-136c-9.5-9.4-9.5-24.6-.1-34z\\&quot;&gt;&lt;\\\/path&gt;&lt;\\\/svg&gt;&lt;\\\/span&gt;&quot;,&quot;navigation_right&quot;:&quot;&lt;span&gt;&lt;svg aria-hidden=\\&quot;true\\&quot; class=\\&quot;e-font-icon-svg e-fas-angle-right\\&quot; viewBox=\\&quot;0 0 256 512\\&quot; xmlns=\\&quot;http:\\\/\\\/www.w3.org\\\/2000\\\/svg\\&quot;&gt;&lt;path d=\\&quot;M224.3 273l-136 136c-9.4 9.4-24.6 9.4-33.9 0l-22.6-22.6c-9.4-9.4-9.4-24.6 0-33.9l96.4-96.4-96.4-96.4c-9.4-9.4-9.4-24.6 0-33.9L54.3 103c9.4-9.4 24.6-9.4 33.9 0l136 136c9.5 9.4 9.5 24.6.1 34z\\&quot;&gt;&lt;\\\/path&gt;&lt;\\\/svg&gt;&lt;\\\/span&gt;&quot;,&quot;show_dots&quot;:false,&quot;arrow_position&quot;:&quot;bottom&quot;,&quot;responsive&quot;:{&quot;desktop&quot;:{&quot;items&quot;:1,&quot;margin&quot;:16,&quot;breakpoint&quot;:1025},&quot;tablet&quot;:{&quot;items&quot;:1,&quot;margin&quot;:10,&quot;breakpoint&quot;:768},&quot;mobile&quot;:{&quot;items&quot;:1,&quot;margin&quot;:10,&quot;breakpoint&quot;:0}}}\"><div class=\"testimonials-list\">\n            <div class=\"testimonials-track\"><div class=\"testimonial-item  elementor-repeater-item-c07dcd1\">\n                    <div class=\"testimonial-box hover-from-arise\" >\n                        <div class=\"comment-content\"><p>Je vous recommande cette entreprise tr\u00e8s comp\u00e9tent et professionnel et surtout travail soign\u00e9\n<\/p><\/div>\n                    <div class=\"comment-header\"><ul class=\"rating-stars\"><li><i aria-hidden=\"true\" class=\"jki jki-star-solid\"><\/i><\/li><li><i aria-hidden=\"true\" class=\"jki jki-star-solid\"><\/i><\/li><li><i aria-hidden=\"true\" class=\"jki jki-star-solid\"><\/i><\/li><li><i aria-hidden=\"true\" class=\"jki jki-star-solid\"><\/i><\/li><li><i aria-hidden=\"true\" class=\"jki jki-star-solid\"><\/i><\/li><\/ul><\/div>\n                    <div class=\"comment-bio\"><div class=\"bio-details\">\n                <div class=\"profile-image\"><img decoding=\"async\" width=\"225\" height=\"225\" src=\"https:\/\/renov-toiture-indre-loire.fr\/wp-content\/uploads\/2025\/02\/download.png\" class=\"source-library\" alt=\"Charlotte Amiens\" url=\"https:\/\/renov-toiture-indre-loire.fr\/wp-content\/uploads\/2025\/02\/download.png\" source=\"library\" srcset=\"https:\/\/renov-toiture-indre-loire.fr\/wp-content\/uploads\/2025\/02\/download.png 225w, https:\/\/renov-toiture-indre-loire.fr\/wp-content\/uploads\/2025\/02\/download-150x150.png 150w\" sizes=\"(max-width: 225px) 100vw, 225px\" \/><\/div>\n                <span class=\"profile-info\">\n                    <strong class=\"profile-name\">Charlotte Amiens<\/strong>\n                    <p class=\"profile-des\"><\/p>\n                <\/span>\n            <\/div><div class=\"icon-content\"><\/div><\/div>\n                    <\/div>\n                <\/div><\/div>\n        <\/div><\/div>\t\t\t\t<\/div>\n\t\t\t\t<\/div>\n\t\t\t\t<\/div>\n\t\t<div class=\"elementor-element elementor-element-668d64e e-con-full e-flex elementor-invisible e-con e-child\" data-id=\"668d64e\" data-element_type=\"container\" data-e-type=\"container\" data-settings=\"{&quot;animation&quot;:&quot;fadeIn&quot;,&quot;animation_delay&quot;:500,&quot;_ha_eqh_enable&quot;:false}\">\n\t\t\t\t<div class=\"elementor-element elementor-element-b06a562 elementor-widget elementor-widget-jkit_testimonials\" data-id=\"b06a562\" data-element_type=\"widget\" data-e-type=\"widget\" data-widget_type=\"jkit_testimonials.default\">\n\t\t\t\t<div class=\"elementor-widget-container\">\n\t\t\t\t\t<div  class=\"jeg-elementor-kit jkit-testimonials arrow-bottom-middle style-2  jeg_module__1_69d3dcc9a76a6\"  data-id=\"jeg_module__1_69d3dcc9a76a6\" data-settings=\"{&quot;autoplay&quot;:false,&quot;autoplay_speed&quot;:3500,&quot;autoplay_hover_pause&quot;:false,&quot;show_navigation&quot;:false,&quot;navigation_left&quot;:&quot;&lt;span&gt;&lt;svg aria-hidden=\\&quot;true\\&quot; class=\\&quot;e-font-icon-svg e-fas-angle-left\\&quot; viewBox=\\&quot;0 0 256 512\\&quot; xmlns=\\&quot;http:\\\/\\\/www.w3.org\\\/2000\\\/svg\\&quot;&gt;&lt;path d=\\&quot;M31.7 239l136-136c9.4-9.4 24.6-9.4 33.9 0l22.6 22.6c9.4 9.4 9.4 24.6 0 33.9L127.9 256l96.4 96.4c9.4 9.4 9.4 24.6 0 33.9L201.7 409c-9.4 9.4-24.6 9.4-33.9 0l-136-136c-9.5-9.4-9.5-24.6-.1-34z\\&quot;&gt;&lt;\\\/path&gt;&lt;\\\/svg&gt;&lt;\\\/span&gt;&quot;,&quot;navigation_right&quot;:&quot;&lt;span&gt;&lt;svg aria-hidden=\\&quot;true\\&quot; class=\\&quot;e-font-icon-svg e-fas-angle-right\\&quot; viewBox=\\&quot;0 0 256 512\\&quot; xmlns=\\&quot;http:\\\/\\\/www.w3.org\\\/2000\\\/svg\\&quot;&gt;&lt;path d=\\&quot;M224.3 273l-136 136c-9.4 9.4-24.6 9.4-33.9 0l-22.6-22.6c-9.4-9.4-9.4-24.6 0-33.9l96.4-96.4-96.4-96.4c-9.4-9.4-9.4-24.6 0-33.9L54.3 103c9.4-9.4 24.6-9.4 33.9 0l136 136c9.5 9.4 9.5 24.6.1 34z\\&quot;&gt;&lt;\\\/path&gt;&lt;\\\/svg&gt;&lt;\\\/span&gt;&quot;,&quot;show_dots&quot;:false,&quot;arrow_position&quot;:&quot;bottom&quot;,&quot;responsive&quot;:{&quot;desktop&quot;:{&quot;items&quot;:1,&quot;margin&quot;:16,&quot;breakpoint&quot;:1025},&quot;tablet&quot;:{&quot;items&quot;:1,&quot;margin&quot;:10,&quot;breakpoint&quot;:768},&quot;mobile&quot;:{&quot;items&quot;:1,&quot;margin&quot;:10,&quot;breakpoint&quot;:0}}}\"><div class=\"testimonials-list\">\n            <div class=\"testimonials-track\"><div class=\"testimonial-item  elementor-repeater-item-c07dcd1\">\n                    <div class=\"testimonial-box hover-from-arise\" >\n                        <div class=\"comment-content\"><p>Je vous recommande cette entreprise tr\u00e8s professionnelle et tr\u00e8s s\u00e9rieuse\n<\/p><\/div>\n                    <div class=\"comment-header\"><ul class=\"rating-stars\"><li><i aria-hidden=\"true\" class=\"jki jki-star-solid\"><\/i><\/li><li><i aria-hidden=\"true\" class=\"jki jki-star-solid\"><\/i><\/li><li><i aria-hidden=\"true\" class=\"jki jki-star-solid\"><\/i><\/li><li><i aria-hidden=\"true\" class=\"jki jki-star-solid\"><\/i><\/li><li><i aria-hidden=\"true\" class=\"jki jki-star-solid\"><\/i><\/li><\/ul><\/div>\n                    <div class=\"comment-bio\"><div class=\"bio-details\">\n                <div class=\"profile-image\"><img decoding=\"async\" width=\"225\" height=\"225\" src=\"https:\/\/renov-toiture-indre-loire.fr\/wp-content\/uploads\/2025\/02\/download.png\" class=\"source-library\" alt=\"Toiture winterstein\" url=\"https:\/\/renov-toiture-indre-loire.fr\/wp-content\/uploads\/2025\/02\/download.png\" source=\"library\" srcset=\"https:\/\/renov-toiture-indre-loire.fr\/wp-content\/uploads\/2025\/02\/download.png 225w, https:\/\/renov-toiture-indre-loire.fr\/wp-content\/uploads\/2025\/02\/download-150x150.png 150w\" sizes=\"(max-width: 225px) 100vw, 225px\" \/><\/div>\n                <span class=\"profile-info\">\n                    <strong class=\"profile-name\">Toiture winterstein<\/strong>\n                    <p class=\"profile-des\"><\/p>\n                <\/span>\n            <\/div><div class=\"icon-content\"><\/div><\/div>\n                    <\/div>\n                <\/div><\/div>\n        <\/div><\/div>\t\t\t\t<\/div>\n\t\t\t\t<\/div>\n\t\t\t\t<\/div>\n\t\t<div class=\"elementor-element elementor-element-cd27603 e-con-full e-flex elementor-invisible e-con e-child\" data-id=\"cd27603\" data-element_type=\"container\" data-e-type=\"container\" data-settings=\"{&quot;animation&quot;:&quot;fadeIn&quot;,&quot;animation_delay&quot;:500,&quot;_ha_eqh_enable&quot;:false}\">\n\t\t\t\t<div class=\"elementor-element elementor-element-b9a3038 elementor-widget elementor-widget-jkit_testimonials\" data-id=\"b9a3038\" data-element_type=\"widget\" data-e-type=\"widget\" data-widget_type=\"jkit_testimonials.default\">\n\t\t\t\t<div class=\"elementor-widget-container\">\n\t\t\t\t\t<div  class=\"jeg-elementor-kit jkit-testimonials arrow-bottom-middle style-2  jeg_module__2_69d3dcc9a81d1\"  data-id=\"jeg_module__2_69d3dcc9a81d1\" data-settings=\"{&quot;autoplay&quot;:false,&quot;autoplay_speed&quot;:3500,&quot;autoplay_hover_pause&quot;:false,&quot;show_navigation&quot;:false,&quot;navigation_left&quot;:&quot;&lt;span&gt;&lt;svg aria-hidden=\\&quot;true\\&quot; class=\\&quot;e-font-icon-svg e-fas-angle-left\\&quot; viewBox=\\&quot;0 0 256 512\\&quot; xmlns=\\&quot;http:\\\/\\\/www.w3.org\\\/2000\\\/svg\\&quot;&gt;&lt;path d=\\&quot;M31.7 239l136-136c9.4-9.4 24.6-9.4 33.9 0l22.6 22.6c9.4 9.4 9.4 24.6 0 33.9L127.9 256l96.4 96.4c9.4 9.4 9.4 24.6 0 33.9L201.7 409c-9.4 9.4-24.6 9.4-33.9 0l-136-136c-9.5-9.4-9.5-24.6-.1-34z\\&quot;&gt;&lt;\\\/path&gt;&lt;\\\/svg&gt;&lt;\\\/span&gt;&quot;,&quot;navigation_right&quot;:&quot;&lt;span&gt;&lt;svg aria-hidden=\\&quot;true\\&quot; class=\\&quot;e-font-icon-svg e-fas-angle-right\\&quot; viewBox=\\&quot;0 0 256 512\\&quot; xmlns=\\&quot;http:\\\/\\\/www.w3.org\\\/2000\\\/svg\\&quot;&gt;&lt;path d=\\&quot;M224.3 273l-136 136c-9.4 9.4-24.6 9.4-33.9 0l-22.6-22.6c-9.4-9.4-9.4-24.6 0-33.9l96.4-96.4-96.4-96.4c-9.4-9.4-9.4-24.6 0-33.9L54.3 103c9.4-9.4 24.6-9.4 33.9 0l136 136c9.5 9.4 9.5 24.6.1 34z\\&quot;&gt;&lt;\\\/path&gt;&lt;\\\/svg&gt;&lt;\\\/span&gt;&quot;,&quot;show_dots&quot;:false,&quot;arrow_position&quot;:&quot;bottom&quot;,&quot;responsive&quot;:{&quot;desktop&quot;:{&quot;items&quot;:1,&quot;margin&quot;:16,&quot;breakpoint&quot;:1025},&quot;tablet&quot;:{&quot;items&quot;:1,&quot;margin&quot;:10,&quot;breakpoint&quot;:768},&quot;mobile&quot;:{&quot;items&quot;:1,&quot;margin&quot;:10,&quot;breakpoint&quot;:0}}}\"><div class=\"testimonials-list\">\n            <div class=\"testimonials-track\"><div class=\"testimonial-item  elementor-repeater-item-c07dcd1\">\n                    <div class=\"testimonial-box hover-from-arise\" >\n                        <div class=\"comment-content\"><p>Ravi de cette entreprise\nTravail soign\u00e9 , ex\u00e9cut\u00e9 dans les r\u00e8gles de l art\nLes d\u00e9lais ont \u00e9t\u00e9s tenus\n<\/p><\/div>\n                    <div class=\"comment-header\"><ul class=\"rating-stars\"><li><i aria-hidden=\"true\" class=\"jki jki-star-solid\"><\/i><\/li><li><i aria-hidden=\"true\" class=\"jki jki-star-solid\"><\/i><\/li><li><i aria-hidden=\"true\" class=\"jki jki-star-solid\"><\/i><\/li><li><i aria-hidden=\"true\" class=\"jki jki-star-solid\"><\/i><\/li><li><i aria-hidden=\"true\" class=\"jki jki-star-solid\"><\/i><\/li><\/ul><\/div>\n                    <div class=\"comment-bio\"><div class=\"bio-details\">\n                <div class=\"profile-image\"><img loading=\"lazy\" decoding=\"async\" width=\"225\" height=\"225\" src=\"https:\/\/renov-toiture-indre-loire.fr\/wp-content\/uploads\/2025\/02\/download.png\" class=\"source-library\" alt=\"IDETDECO IDETDECO\" url=\"https:\/\/renov-toiture-indre-loire.fr\/wp-content\/uploads\/2025\/02\/download.png\" source=\"library\" srcset=\"https:\/\/renov-toiture-indre-loire.fr\/wp-content\/uploads\/2025\/02\/download.png 225w, https:\/\/renov-toiture-indre-loire.fr\/wp-content\/uploads\/2025\/02\/download-150x150.png 150w\" sizes=\"(max-width: 225px) 100vw, 225px\" \/><\/div>\n                <span class=\"profile-info\">\n                    <strong class=\"profile-name\">IDETDECO IDETDECO<\/strong>\n                    <p class=\"profile-des\"><\/p>\n                <\/span>\n            <\/div><div class=\"icon-content\"><\/div><\/div>\n                    <\/div>\n                <\/div><\/div>\n        <\/div><\/div>\t\t\t\t<\/div>\n\t\t\t\t<\/div>\n\t\t\t\t<\/div>\n\t\t\t\t<\/div>\n\t\t\t\t\t<\/div>\n\t\t\t\t<\/div>\n\t\t\t\t<\/div>\n\t\t","protected":false},"excerpt":{"rendered":"<p>Ce que disent nos clients \u00c0 propos Nos prestations Je vous recommande cette entreprise tr\u00e8s comp\u00e9tent et professionnel et surtout travail soign\u00e9 Charlotte Amiens Je vous recommande cette entreprise tr\u00e8s professionnelle et tr\u00e8s s\u00e9rieuse Toiture winterstein Ravi de cette entreprise Travail soign\u00e9 , ex\u00e9cut\u00e9 dans les r\u00e8gles de l art Les d\u00e9lais ont \u00e9t\u00e9s tenus [&hellip;]<\/p>\n","protected":false},"author":2,"featured_media":0,"parent":0,"menu_order":0,"comment_status":"closed","ping_status":"closed","template":"elementor_header_footer","meta":{"footnotes":""},"class_list":["post-341","page","type-page","status-publish","hentry"],"_links":{"self":[{"href":"https:\/\/renov-toiture-indre-loire.fr\/index.php?rest_route=\/wp\/v2\/pages\/341","targetHints":{"allow":["GET"]}}],"collection":[{"href":"https:\/\/renov-toiture-indre-loire.fr\/index.php?rest_route=\/wp\/v2\/pages"}],"about":[{"href":"https:\/\/renov-toiture-indre-loire.fr\/index.php?rest_route=\/wp\/v2\/types\/page"}],"author":[{"embeddable":true,"href":"https:\/\/renov-toiture-indre-loire.fr\/index.php?rest_route=\/wp\/v2\/users\/2"}],"replies":[{"embeddable":true,"href":"https:\/\/renov-toiture-indre-loire.fr\/index.php?rest_route=%2Fwp%2Fv2%2Fcomments&post=341"}],"version-history":[{"count":16,"href":"https:\/\/renov-toiture-indre-loire.fr\/index.php?rest_route=\/wp\/v2\/pages\/341\/revisions"}],"predecessor-version":[{"id":527,"href":"https:\/\/renov-toiture-indre-loire.fr\/index.php?rest_route=\/wp\/v2\/pages\/341\/revisions\/527"}],"wp:attachment":[{"href":"https:\/\/renov-toiture-indre-loire.fr\/index.php?rest_route=%2Fwp%2Fv2%2Fmedia&parent=341"}],"curies":[{"name":"wp","href":"https:\/\/api.w.org\/{rel}","templated":true}]}}